{"id":2,"date":"2022-08-29T13:35:17","date_gmt":"2022-08-29T19:35:17","guid":{"rendered":"http:\/\/exvotos.xyz\/altar\/?page_id=2"},"modified":"2022-08-29T17:20:38","modified_gmt":"2022-08-29T23:20:38","slug":"sample-page","status":"publish","type":"page","link":"https:\/\/exvotos.xyz\/altar\/?page_id=2","title":{"rendered":"LOLQUE"},"content":{"rendered":"\n<p><\/p>\n\n\n\n<figure class=\"wp-block-pullquote\"><blockquote><p><em>QVI SESE&nbsp;<strong>DEVOVERIT<\/strong>,&nbsp;VOLCANO ARMA SIVE<\/em><\/p><p><em>CVI ALII DIVO&nbsp;<strong>VOVERE<\/strong>&nbsp;VOLET&nbsp;IVS EST<\/em><\/p><cite>TITI LIVI<br>AB VRBE CONDITA<br>LIBER VIII, 10<br><\/cite><\/blockquote><\/figure>\n\n\n\n<p>Los exvotos son una forma de ofrenda votiva consistente en una pintura de manufactura amateur, que incluye una breve descripci\u00f3n del milagrito realizado junto con el nombre de quien cumple con su promesa solemne + la leyenda \u00abex voto svscepto\u00bb, o sea, \u201cop delivered\u201d, que despu\u00e9s fue como se les termin\u00f3 llamando -aunque la leyenda final cay\u00f3 en desuso.<\/p>\n\n\n\n<p><em>Voto<\/em>&nbsp;es participio del verbo&nbsp;<em>Voveo<\/em>, que implica rezar; prometer; sacrificar; ofrecer algo a una deidad a cambio de un favor. En el fragmento citado de Tito Livio se mientan varios de sus significados, met\u00e1monos un poco en el contexto: El comandante Decio se ofrend\u00f3 a s\u00ed mismo durante la batalla, siguiendo lo indicado por el Pontifex Maximvm (como el Papa, pero antes s\u00ed le entraba a los chingazos) cubri\u00f3 su cabeza con la toga pretexta (gesto solemne, mismo que intent\u00f3 Julio C\u00e9sar mientras lo filereaban, a fin de lolmorir con algo de dignidad) y pronunci\u00f3 una plegaria en la cual solicitaba el favor de las divinidades para conseguir la victoria sobre los enemigos del romano pueblo, mientras se hallaba de pie sobre una jabalina.<\/p>\n\n\n\n<p>No s\u00f3lo ganaron, sino que Decio adem\u00e1s sobrevivi\u00f3. Empero, esto lo vetar\u00eda para desempe\u00f1ar cualquier funci\u00f3n religiosa (como ser nombrado Pontifex Maximvm), aunque <strong>\u201cTiene el derecho de <u>ofrendar<\/u> sus armas, sea <u>ofreci\u00e9ndolas en sacrificio<\/u> o de otra manera, a Vulcano o a cualquier otra deidad\u201d.<\/strong> La jabalina sobre la cual se ofrend\u00f3 Decio no debe pasar a manos enemigas, de ser as\u00ed tendr\u00e1 que ofrecer una&nbsp;suovetaurilia (ritual de lvstratio -bendici\u00f3n y purificaci\u00f3n de la tierra- que consiste en sacrificar un cerdo, un cordero y un ternero -todos machos- con su respectiva liturgia y as\u00ed) como propiciaci\u00f3n al Dios Marte.<\/p>\n\n\n\n<p>En nuestro tercermundista contexto, un exvoto sigue siendo una representaci\u00f3n pict\u00f3rica plasmada usualmente sobre l\u00e1mina o madera, la cual se exhibe en altares espec\u00edficos de las catedrales.&nbsp;Los favores recibidos y sus histriones no se caracterizan por apegarse a la moral cat\u00f3lica tradicional, ni imploran ser&nbsp;<em>curados<\/em>&nbsp;de sus respectivos vicios, demuestran que la teodicea no acaece en esta vida; existe la absoluci\u00f3n y el socorro apost\u00f3lico, chingando a su madre Foucault, los exvotos manifiestan que la religi\u00f3n no se reduce a la confesi\u00f3n pastoral, la sobrecorrecci\u00f3n ni a la producci\u00f3n subjetiva de anormales, pues en un retablo se hace p\u00fablica la transgresi\u00f3n y no desde el anonimato, sino con todo y r\u00fabrica del creyente.<\/p>\n","protected":false},"excerpt":{"rendered":"<p>QVI SESE&nbsp;DEVOVERIT,&nbsp;VOLCANO ARMA SIVE CVI ALII DIVO&nbsp;VOVERE&nbsp;VOLET&nbsp;IVS EST TITI LIVIAB VRBE CONDITALIBER VIII, 10 Los&#8230;<\/p>\n","protected":false},"author":2,"featured_media":0,"parent":0,"menu_order":0,"comment_status":"closed","ping_status":"open","template":"","meta":{"footnotes":""},"class_list":["post-2","page","type-page","status-publish","hentry"],"yoast_head":"<!-- This site is optimized with the Yoast SEO plugin v22.1 - https:\/\/yoast.com\/wordpress\/plugins\/seo\/ -->\n<title>LOLQUE - Altar<\/title>\n<meta name=\"robots\" content=\"index, follow, max-snippet:-1, max-image-preview:large, max-video-preview:-1\" \/>\n<link rel=\"canonical\" href=\"https:\/\/exvotos.xyz\/altar\/?page_id=2\" \/>\n<meta property=\"og:locale\" content=\"en_US\" \/>\n<meta property=\"og:type\" content=\"article\" \/>\n<meta property=\"og:title\" content=\"LOLQUE - Altar\" \/>\n<meta property=\"og:description\" content=\"QVI SESE&nbsp;DEVOVERIT,&nbsp;VOLCANO ARMA SIVE CVI ALII DIVO&nbsp;VOVERE&nbsp;VOLET&nbsp;IVS EST TITI LIVIAB VRBE CONDITALIBER VIII, 10 Los...\" \/>\n<meta property=\"og:url\" content=\"https:\/\/exvotos.xyz\/altar\/?page_id=2\" \/>\n<meta property=\"og:site_name\" content=\"Altar\" \/>\n<meta property=\"article:publisher\" content=\"https:\/\/www.facebook.com\/Gachimuchi.Pantsu.Resuringu\/\" \/>\n<meta property=\"article:modified_time\" content=\"2022-08-29T23:20:38+00:00\" \/>\n<meta name=\"twitter:card\" content=\"summary_large_image\" \/>\n<meta name=\"twitter:site\" content=\"@wch2hu\" \/>\n<meta name=\"twitter:label1\" content=\"Est. reading time\" \/>\n\t<meta name=\"twitter:data1\" content=\"2 minutes\" \/>\n<script type=\"application\/ld+json\" class=\"yoast-schema-graph\">{\"@context\":\"https:\/\/schema.org\",\"@graph\":[{\"@type\":\"WebPage\",\"@id\":\"https:\/\/exvotos.xyz\/altar\/?page_id=2\",\"url\":\"https:\/\/exvotos.xyz\/altar\/?page_id=2\",\"name\":\"LOLQUE - Altar\",\"isPartOf\":{\"@id\":\"https:\/\/exvotos.xyz\/altar\/#website\"},\"datePublished\":\"2022-08-29T19:35:17+00:00\",\"dateModified\":\"2022-08-29T23:20:38+00:00\",\"breadcrumb\":{\"@id\":\"https:\/\/exvotos.xyz\/altar\/?page_id=2#breadcrumb\"},\"inLanguage\":\"en-US\",\"potentialAction\":[{\"@type\":\"ReadAction\",\"target\":[\"https:\/\/exvotos.xyz\/altar\/?page_id=2\"]}]},{\"@type\":\"BreadcrumbList\",\"@id\":\"https:\/\/exvotos.xyz\/altar\/?page_id=2#breadcrumb\",\"itemListElement\":[{\"@type\":\"ListItem\",\"position\":1,\"name\":\"Home\",\"item\":\"https:\/\/exvotos.xyz\/altar\"},{\"@type\":\"ListItem\",\"position\":2,\"name\":\"LOLQUE\"}]},{\"@type\":\"WebSite\",\"@id\":\"https:\/\/exvotos.xyz\/altar\/#website\",\"url\":\"https:\/\/exvotos.xyz\/altar\/\",\"name\":\"Altar\",\"description\":\"Exvotos\",\"publisher\":{\"@id\":\"https:\/\/exvotos.xyz\/altar\/#organization\"},\"potentialAction\":[{\"@type\":\"SearchAction\",\"target\":{\"@type\":\"EntryPoint\",\"urlTemplate\":\"https:\/\/exvotos.xyz\/altar\/?s={search_term_string}\"},\"query-input\":\"required name=search_term_string\"}],\"inLanguage\":\"en-US\"},{\"@type\":\"Organization\",\"@id\":\"https:\/\/exvotos.xyz\/altar\/#organization\",\"name\":\"Exvotos\",\"url\":\"https:\/\/exvotos.xyz\/altar\/\",\"logo\":{\"@type\":\"ImageObject\",\"inLanguage\":\"en-US\",\"@id\":\"https:\/\/exvotos.xyz\/altar\/#\/schema\/logo\/image\/\",\"url\":\"https:\/\/exvotos.xyz\/altar\/wp-content\/uploads\/2022\/04\/DamLj9Ma_400x400.jpg\",\"contentUrl\":\"https:\/\/exvotos.xyz\/altar\/wp-content\/uploads\/2022\/04\/DamLj9Ma_400x400.jpg\",\"width\":400,\"height\":400,\"caption\":\"Exvotos\"},\"image\":{\"@id\":\"https:\/\/exvotos.xyz\/altar\/#\/schema\/logo\/image\/\"},\"sameAs\":[\"https:\/\/www.facebook.com\/Gachimuchi.Pantsu.Resuringu\/\",\"https:\/\/twitter.com\/wch2hu\"]}]}<\/script>\n<!-- \/ Yoast SEO plugin. -->","yoast_head_json":{"title":"LOLQUE - Altar","robots":{"index":"index","follow":"follow","max-snippet":"max-snippet:-1","max-image-preview":"max-image-preview:large","max-video-preview":"max-video-preview:-1"},"canonical":"https:\/\/exvotos.xyz\/altar\/?page_id=2","og_locale":"en_US","og_type":"article","og_title":"LOLQUE - Altar","og_description":"QVI SESE&nbsp;DEVOVERIT,&nbsp;VOLCANO ARMA SIVE CVI ALII DIVO&nbsp;VOVERE&nbsp;VOLET&nbsp;IVS EST TITI LIVIAB VRBE CONDITALIBER VIII, 10 Los...","og_url":"https:\/\/exvotos.xyz\/altar\/?page_id=2","og_site_name":"Altar","article_publisher":"https:\/\/www.facebook.com\/Gachimuchi.Pantsu.Resuringu\/","article_modified_time":"2022-08-29T23:20:38+00:00","twitter_card":"summary_large_image","twitter_site":"@wch2hu","twitter_misc":{"Est. reading time":"2 minutes"},"schema":{"@context":"https:\/\/schema.org","@graph":[{"@type":"WebPage","@id":"https:\/\/exvotos.xyz\/altar\/?page_id=2","url":"https:\/\/exvotos.xyz\/altar\/?page_id=2","name":"LOLQUE - Altar","isPartOf":{"@id":"https:\/\/exvotos.xyz\/altar\/#website"},"datePublished":"2022-08-29T19:35:17+00:00","dateModified":"2022-08-29T23:20:38+00:00","breadcrumb":{"@id":"https:\/\/exvotos.xyz\/altar\/?page_id=2#breadcrumb"},"inLanguage":"en-US","potentialAction":[{"@type":"ReadAction","target":["https:\/\/exvotos.xyz\/altar\/?page_id=2"]}]},{"@type":"BreadcrumbList","@id":"https:\/\/exvotos.xyz\/altar\/?page_id=2#breadcrumb","itemListElement":[{"@type":"ListItem","position":1,"name":"Home","item":"https:\/\/exvotos.xyz\/altar"},{"@type":"ListItem","position":2,"name":"LOLQUE"}]},{"@type":"WebSite","@id":"https:\/\/exvotos.xyz\/altar\/#website","url":"https:\/\/exvotos.xyz\/altar\/","name":"Altar","description":"Exvotos","publisher":{"@id":"https:\/\/exvotos.xyz\/altar\/#organization"},"potentialAction":[{"@type":"SearchAction","target":{"@type":"EntryPoint","urlTemplate":"https:\/\/exvotos.xyz\/altar\/?s={search_term_string}"},"query-input":"required name=search_term_string"}],"inLanguage":"en-US"},{"@type":"Organization","@id":"https:\/\/exvotos.xyz\/altar\/#organization","name":"Exvotos","url":"https:\/\/exvotos.xyz\/altar\/","logo":{"@type":"ImageObject","inLanguage":"en-US","@id":"https:\/\/exvotos.xyz\/altar\/#\/schema\/logo\/image\/","url":"https:\/\/exvotos.xyz\/altar\/wp-content\/uploads\/2022\/04\/DamLj9Ma_400x400.jpg","contentUrl":"https:\/\/exvotos.xyz\/altar\/wp-content\/uploads\/2022\/04\/DamLj9Ma_400x400.jpg","width":400,"height":400,"caption":"Exvotos"},"image":{"@id":"https:\/\/exvotos.xyz\/altar\/#\/schema\/logo\/image\/"},"sameAs":["https:\/\/www.facebook.com\/Gachimuchi.Pantsu.Resuringu\/","https:\/\/twitter.com\/wch2hu"]}]}},"_links":{"self":[{"href":"https:\/\/exvotos.xyz\/altar\/index.php?rest_route=\/wp\/v2\/pages\/2","targetHints":{"allow":["GET"]}}],"collection":[{"href":"https:\/\/exvotos.xyz\/altar\/index.php?rest_route=\/wp\/v2\/pages"}],"about":[{"href":"https:\/\/exvotos.xyz\/altar\/index.php?rest_route=\/wp\/v2\/types\/page"}],"author":[{"embeddable":true,"href":"https:\/\/exvotos.xyz\/altar\/index.php?rest_route=\/wp\/v2\/users\/2"}],"replies":[{"embeddable":true,"href":"https:\/\/exvotos.xyz\/altar\/index.php?rest_route=%2Fwp%2Fv2%2Fcomments&post=2"}],"version-history":[{"count":14,"href":"https:\/\/exvotos.xyz\/altar\/index.php?rest_route=\/wp\/v2\/pages\/2\/revisions"}],"predecessor-version":[{"id":64,"href":"https:\/\/exvotos.xyz\/altar\/index.php?rest_route=\/wp\/v2\/pages\/2\/revisions\/64"}],"wp:attachment":[{"href":"https:\/\/exvotos.xyz\/altar\/index.php?rest_route=%2Fwp%2Fv2%2Fmedia&parent=2"}],"curies":[{"name":"wp","href":"https:\/\/api.w.org\/{rel}","templated":true}]}}